{"id":53,"date":"2022-06-11T17:51:17","date_gmt":"2022-06-11T15:51:17","guid":{"rendered":"https:\/\/sadiqtrav.ma\/?page_id=53"},"modified":"2026-03-16T15:08:20","modified_gmt":"2026-03-16T14:08:20","slug":"services","status":"publish","type":"page","link":"https:\/\/sadiqtrav.ma\/?page_id=53","title":{"rendered":"Services"},"content":{"rendered":"\t\t<div data-elementor-type=\"wp-page\" data-elementor-id=\"53\" class=\"elementor elementor-53\">\n\t\t\t\t\t\t<section class=\"elementor-section elementor-top-section elementor-element elementor-element-9f8ffeb elementor-section-full_width elementor-section-height-min-height elementor-section-height-default elementor-section-items-middle\" data-id=\"9f8ffeb\" data-element_type=\"section\" data-e-type=\"section\">\n\t\t\t\t\t\t<div class=\"elementor-container elementor-column-gap-no\">\n\t\t\t\t\t<div class=\"elementor-column elementor-col-100 elementor-top-column elementor-element elementor-element-a65140d\" data-id=\"a65140d\" data-element_type=\"column\" data-e-type=\"column\">\n\t\t\t<div class=\"elementor-widget-wrap elementor-element-populated\">\n\t\t\t\t\t\t<div class=\"elementor-element elementor-element-2b90202 elementor-pagination-position-outside elementor-widget elementor-widget-image-carousel\" data-id=\"2b90202\" data-element_type=\"widget\" data-e-type=\"widget\" data-settings=\"{&quot;slides_to_show&quot;:&quot;1&quot;,&quot;navigation&quot;:&quot;dots&quot;,&quot;autoplay&quot;:&quot;yes&quot;,&quot;pause_on_hover&quot;:&quot;yes&quot;,&quot;pause_on_interaction&quot;:&quot;yes&quot;,&quot;autoplay_speed&quot;:5000,&quot;infinite&quot;:&quot;yes&quot;,&quot;effect&quot;:&quot;slide&quot;,&quot;speed&quot;:500}\" data-widget_type=\"image-carousel.default\">\n\t\t\t\t<div class=\"elementor-widget-container\">\n\t\t\t\t\t\t\t<div class=\"elementor-image-carousel-wrapper swiper\" role=\"region\" aria-roledescription=\"carousel\" aria-label=\"Carrousel d\u2019images\" dir=\"ltr\">\n\t\t\t<div class=\"elementor-image-carousel swiper-wrapper swiper-image-stretch\" aria-live=\"off\">\n\t\t\t\t\t\t\t\t<div class=\"swiper-slide\" role=\"group\" aria-roledescription=\"slide\" aria-label=\"1 sur 6\"><figure class=\"swiper-slide-inner\"><img decoding=\"async\" class=\"swiper-slide-image\" src=\"https:\/\/sadiqtrav.ma\/wp-content\/uploads\/elementor\/thumbs\/DSC_0001_BURST20190721003206378-scaled-rhu51e07ildpryhvbw3uzwdgbzss370lbvd2e4qvwy.jpg\" alt=\"DSC_0001_BURST20190721003206378\" \/><\/figure><\/div><div class=\"swiper-slide\" role=\"group\" aria-roledescription=\"slide\" aria-label=\"2 sur 6\"><figure class=\"swiper-slide-inner\"><img decoding=\"async\" class=\"swiper-slide-image\" src=\"https:\/\/sadiqtrav.ma\/wp-content\/uploads\/elementor\/thumbs\/berkane3-2-rkldo3zh1f8lp8fqot9igx78p87gefjnvn0j80f0gi.jpeg\" alt=\"berkane3\" \/><\/figure><\/div><div class=\"swiper-slide\" role=\"group\" aria-roledescription=\"slide\" aria-label=\"3 sur 6\"><figure class=\"swiper-slide-inner\"><img decoding=\"async\" class=\"swiper-slide-image\" src=\"https:\/\/sadiqtrav.ma\/wp-content\/uploads\/elementor\/thumbs\/L13-rhu51e07ildpryhvbw3uzwdgbzss370lbvd2e4qvwy.png\" alt=\"Laayoune\" \/><\/figure><\/div><div class=\"swiper-slide\" role=\"group\" aria-roledescription=\"slide\" aria-label=\"4 sur 6\"><figure class=\"swiper-slide-inner\"><img decoding=\"async\" class=\"swiper-slide-image\" src=\"https:\/\/sadiqtrav.ma\/wp-content\/uploads\/elementor\/thumbs\/sketch-1612442161950-rhu51e07ildpryhvbw3uzwdgbzss370lbvd2e4qvwy.png\" alt=\"sketch-1612442161950\" \/><\/figure><\/div><div class=\"swiper-slide\" role=\"group\" aria-roledescription=\"slide\" aria-label=\"5 sur 6\"><figure class=\"swiper-slide-inner\"><img decoding=\"async\" class=\"swiper-slide-image\" src=\"https:\/\/sadiqtrav.ma\/wp-content\/uploads\/elementor\/thumbs\/sketch-1612442007603-rhu51e07ildpryhvbw3uzwdgbzss370lbvd2e4qvwy.png\" alt=\"sketch-1612442007603\" \/><\/figure><\/div><div class=\"swiper-slide\" role=\"group\" aria-roledescription=\"slide\" aria-label=\"6 sur 6\"><figure class=\"swiper-slide-inner\"><img decoding=\"async\" class=\"swiper-slide-image\" src=\"https:\/\/sadiqtrav.ma\/wp-content\/uploads\/elementor\/thumbs\/sketch-1612441762028-rhu51e07ildpryhvbw3uzwdgbzss370lbvd2e4qvwy.png\" alt=\"sketch-1612441762028\" \/><\/figure><\/div>\t\t\t<\/div>\n\t\t\t\t\t\t\t\n\t\t\t\t\t\t\t\t\t<div class=\"swiper-pagination\"><\/div>\n\t\t\t\t\t\t\t\t\t<\/div>\n\t\t\t\t\t\t<\/div>\n\t\t\t\t<\/div>\n\t\t\t\t\t<\/div>\n\t\t<\/div>\n\t\t\t\t\t<\/div>\n\t\t<\/section>\n\t\t\t\t<section class=\"elementor-section elementor-top-section elementor-element elementor-element-780c28f3 elementor-section-content-middle elementor-section-boxed elementor-section-height-default elementor-section-height-default\" data-id=\"780c28f3\" data-element_type=\"section\" data-e-type=\"section\">\n\t\t\t\t\t\t<div class=\"elementor-container elementor-column-gap-no\">\n\t\t\t\t\t<div class=\"elementor-column elementor-col-100 elementor-top-column elementor-element elementor-element-64c53d29\" data-id=\"64c53d29\" data-element_type=\"column\" data-e-type=\"column\">\n\t\t\t<div class=\"elementor-widget-wrap elementor-element-populated\">\n\t\t\t\t\t\t<div class=\"elementor-element elementor-element-6b1966fa elementor-widget elementor-widget-heading\" data-id=\"6b1966fa\" data-element_type=\"widget\" data-e-type=\"widget\" data-widget_type=\"heading.default\">\n\t\t\t\t<div class=\"elementor-widget-container\">\n\t\t\t\t\t<h4 class=\"elementor-heading-title elementor-size-default\">D\u00e9couvrez nos services<\/h4>\t\t\t\t<\/div>\n\t\t\t\t<\/div>\n\t\t\t\t<section class=\"elementor-section elementor-inner-section elementor-element elementor-element-b2e970a elementor-section-content-middle elementor-section-boxed elementor-section-height-default elementor-section-height-default elementor-invisible\" data-id=\"b2e970a\" data-element_type=\"section\" data-e-type=\"section\" data-settings=\"{&quot;animation&quot;:&quot;zoomIn&quot;}\">\n\t\t\t\t\t\t<div class=\"elementor-container elementor-column-gap-no\">\n\t\t\t\t\t<div class=\"elementor-column elementor-col-25 elementor-inner-column elementor-element elementor-element-716fc52b\" data-id=\"716fc52b\" data-element_type=\"column\" data-e-type=\"column\">\n\t\t\t<div class=\"elementor-widget-wrap elementor-element-populated\">\n\t\t\t\t\t\t<div class=\"elementor-element elementor-element-d85f4be elementor-widget elementor-widget-image\" data-id=\"d85f4be\" data-element_type=\"widget\" data-e-type=\"widget\" data-widget_type=\"image.default\">\n\t\t\t\t<div class=\"elementor-widget-container\">\n\t\t\t\t\t\t\t\t\t\t\t\t\t\t\t<img fetchpriority=\"high\" decoding=\"async\" width=\"427\" height=\"442\" src=\"https:\/\/sadiqtrav.ma\/wp-content\/uploads\/2022\/06\/image_2022-06-16_100021548.png\" class=\"attachment-medium_large size-medium_large wp-image-647\" alt=\"\" srcset=\"https:\/\/sadiqtrav.ma\/wp-content\/uploads\/2022\/06\/image_2022-06-16_100021548.png 427w, https:\/\/sadiqtrav.ma\/wp-content\/uploads\/2022\/06\/image_2022-06-16_100021548-290x300.png 290w\" sizes=\"(max-width: 427px) 100vw, 427px\" \/>\t\t\t\t\t\t\t\t\t\t\t\t\t\t\t<\/div>\n\t\t\t\t<\/div>\n\t\t\t\t<div class=\"elementor-element elementor-element-70f765a2 elementor-widget elementor-widget-image-box\" data-id=\"70f765a2\" data-element_type=\"widget\" data-e-type=\"widget\" data-widget_type=\"image-box.default\">\n\t\t\t\t<div class=\"elementor-widget-container\">\n\t\t\t\t\t<div class=\"elementor-image-box-wrapper\"><div class=\"elementor-image-box-content\"><h3 class=\"elementor-image-box-title\"><br>Eclairage Public et d'ambiance<\/h3><p class=\"elementor-image-box-description\">Travaux d'\u00e9clairage public : <br>fourniture et pose <\/p><\/div><\/div>\t\t\t\t<\/div>\n\t\t\t\t<\/div>\n\t\t\t\t\t<\/div>\n\t\t<\/div>\n\t\t\t\t<div class=\"elementor-column elementor-col-25 elementor-inner-column elementor-element elementor-element-32de4db6\" data-id=\"32de4db6\" data-element_type=\"column\" data-e-type=\"column\">\n\t\t\t<div class=\"elementor-widget-wrap elementor-element-populated\">\n\t\t\t\t\t\t<div class=\"elementor-element elementor-element-eb8df3b elementor-widget__width-initial elementor-widget elementor-widget-image\" data-id=\"eb8df3b\" data-element_type=\"widget\" data-e-type=\"widget\" data-widget_type=\"image.default\">\n\t\t\t\t<div class=\"elementor-widget-container\">\n\t\t\t\t\t\t\t\t\t\t\t\t\t\t\t<img decoding=\"async\" width=\"368\" height=\"343\" src=\"https:\/\/sadiqtrav.ma\/wp-content\/uploads\/2022\/06\/image_2022-06-16_103051947.png\" class=\"attachment-full size-full wp-image-651\" alt=\"\" srcset=\"https:\/\/sadiqtrav.ma\/wp-content\/uploads\/2022\/06\/image_2022-06-16_103051947.png 368w, https:\/\/sadiqtrav.ma\/wp-content\/uploads\/2022\/06\/image_2022-06-16_103051947-300x280.png 300w\" sizes=\"(max-width: 368px) 100vw, 368px\" \/>\t\t\t\t\t\t\t\t\t\t\t\t\t\t\t<\/div>\n\t\t\t\t<\/div>\n\t\t\t\t<div class=\"elementor-element elementor-element-0264919 elementor-widget elementor-widget-image-box\" data-id=\"0264919\" data-element_type=\"widget\" data-e-type=\"widget\" data-widget_type=\"image-box.default\">\n\t\t\t\t<div class=\"elementor-widget-container\">\n\t\t\t\t\t<div class=\"elementor-image-box-wrapper\"><div class=\"elementor-image-box-content\"><h3 class=\"elementor-image-box-title\"><br>Fourniture des mat\u00e9riels<br><\/h3><p class=\"elementor-image-box-description\">Fourniture des mat\u00e9riels d'\u00e9clairage public (luminaires,poteaux..)selon le besion des cliens<\/p><\/div><\/div>\t\t\t\t<\/div>\n\t\t\t\t<\/div>\n\t\t\t\t\t<\/div>\n\t\t<\/div>\n\t\t\t\t<div class=\"elementor-column elementor-col-25 elementor-inner-column elementor-element elementor-element-4a926c23\" data-id=\"4a926c23\" data-element_type=\"column\" data-e-type=\"column\">\n\t\t\t<div class=\"elementor-widget-wrap elementor-element-populated\">\n\t\t\t\t\t\t<div class=\"elementor-element elementor-element-418b773 elementor-widget elementor-widget-image\" data-id=\"418b773\" data-element_type=\"widget\" data-e-type=\"widget\" data-widget_type=\"image.default\">\n\t\t\t\t<div class=\"elementor-widget-container\">\n\t\t\t\t\t\t\t\t\t\t\t\t\t\t\t<img decoding=\"async\" width=\"316\" height=\"345\" src=\"https:\/\/sadiqtrav.ma\/wp-content\/uploads\/2022\/06\/image_2022-06-16_103535619.png\" class=\"attachment-large size-large wp-image-653\" alt=\"\" srcset=\"https:\/\/sadiqtrav.ma\/wp-content\/uploads\/2022\/06\/image_2022-06-16_103535619.png 316w, https:\/\/sadiqtrav.ma\/wp-content\/uploads\/2022\/06\/image_2022-06-16_103535619-275x300.png 275w\" sizes=\"(max-width: 316px) 100vw, 316px\" \/>\t\t\t\t\t\t\t\t\t\t\t\t\t\t\t<\/div>\n\t\t\t\t<\/div>\n\t\t\t\t<div class=\"elementor-element elementor-element-281e6a03 elementor-widget elementor-widget-image-box\" data-id=\"281e6a03\" data-element_type=\"widget\" data-e-type=\"widget\" data-widget_type=\"image-box.default\">\n\t\t\t\t<div class=\"elementor-widget-container\">\n\t\t\t\t\t<div class=\"elementor-image-box-wrapper\"><div class=\"elementor-image-box-content\"><h3 class=\"elementor-image-box-title\">Eclairage solaire et domestique<\/h3><p class=\"elementor-image-box-description\">Travaux d'\u00e9clairage solaire et domestique : <br>fourniture et pose <\/p><\/div><\/div>\t\t\t\t<\/div>\n\t\t\t\t<\/div>\n\t\t\t\t\t<\/div>\n\t\t<\/div>\n\t\t\t\t<div class=\"elementor-column elementor-col-25 elementor-inner-column elementor-element elementor-element-441fd63\" data-id=\"441fd63\" data-element_type=\"column\" data-e-type=\"column\">\n\t\t\t<div class=\"elementor-widget-wrap elementor-element-populated\">\n\t\t\t\t\t\t<div class=\"elementor-element elementor-element-c86e6de elementor-widget elementor-widget-image\" data-id=\"c86e6de\" data-element_type=\"widget\" data-e-type=\"widget\" data-widget_type=\"image.default\">\n\t\t\t\t<div class=\"elementor-widget-container\">\n\t\t\t\t\t\t\t\t\t\t\t\t\t\t\t<img loading=\"lazy\" decoding=\"async\" width=\"377\" height=\"492\" src=\"https:\/\/sadiqtrav.ma\/wp-content\/uploads\/2022\/06\/image_2022-06-16_105741413.png\" class=\"attachment-large size-large wp-image-671\" alt=\"\" srcset=\"https:\/\/sadiqtrav.ma\/wp-content\/uploads\/2022\/06\/image_2022-06-16_105741413.png 377w, https:\/\/sadiqtrav.ma\/wp-content\/uploads\/2022\/06\/image_2022-06-16_105741413-230x300.png 230w\" sizes=\"(max-width: 377px) 100vw, 377px\" \/>\t\t\t\t\t\t\t\t\t\t\t\t\t\t\t<\/div>\n\t\t\t\t<\/div>\n\t\t\t\t<div class=\"elementor-element elementor-element-62ff553 elementor-widget elementor-widget-image-box\" data-id=\"62ff553\" data-element_type=\"widget\" data-e-type=\"widget\" data-widget_type=\"image-box.default\">\n\t\t\t\t<div class=\"elementor-widget-container\">\n\t\t\t\t\t<div class=\"elementor-image-box-wrapper\"><div class=\"elementor-image-box-content\"><h3 class=\"elementor-image-box-title\">Parc de jeux<\/h3><p class=\"elementor-image-box-description\">Etude du projet,  r\u00e9alisation et la gestion<\/p><\/div><\/div>\t\t\t\t<\/div>\n\t\t\t\t<\/div>\n\t\t\t\t\t<\/div>\n\t\t<\/div>\n\t\t\t\t\t<\/div>\n\t\t<\/section>\n\t\t\t\t\t<\/div>\n\t\t<\/div>\n\t\t\t\t\t<\/div>\n\t\t<\/section>\n\t\t\t\t<footer class=\"elementor-section elementor-top-section elementor-element elementor-element-89eca72 elementor-section-full_width elementor-section-content-middle elementor-section-height-min-height elementor-section-height-default elementor-section-items-middle\" data-id=\"89eca72\" data-element_type=\"section\" data-e-type=\"section\" data-settings=\"{&quot;background_background&quot;:&quot;classic&quot;}\">\n\t\t\t\t\t\t<div class=\"elementor-container elementor-column-gap-extended\">\n\t\t\t\t\t<div class=\"elementor-column elementor-col-50 elementor-top-column elementor-element elementor-element-b406430\" data-id=\"b406430\" data-element_type=\"column\" data-e-type=\"column\" data-settings=\"{&quot;background_background&quot;:&quot;classic&quot;}\">\n\t\t\t<div class=\"elementor-widget-wrap elementor-element-populated\">\n\t\t\t\t\t\t<section class=\"elementor-section elementor-inner-section elementor-element elementor-element-85aa2de elementor-section-full_width elementor-section-height-min-height elementor-section-height-default\" data-id=\"85aa2de\" data-element_type=\"section\" data-e-type=\"section\">\n\t\t\t\t\t\t<div class=\"elementor-container elementor-column-gap-wider\">\n\t\t\t\t\t<div class=\"elementor-column elementor-col-50 elementor-inner-column elementor-element elementor-element-4e4f487\" data-id=\"4e4f487\" data-element_type=\"column\" data-e-type=\"column\">\n\t\t\t<div class=\"elementor-widget-wrap elementor-element-populated\">\n\t\t\t\t\t\t<div class=\"elementor-element elementor-element-ac7304c elementor-widget elementor-widget-text-editor\" data-id=\"ac7304c\" data-element_type=\"widget\" data-e-type=\"widget\" data-widget_type=\"text-editor.default\">\n\t\t\t\t<div class=\"elementor-widget-container\">\n\t\t\t\t\t\t\t\t\t<p><a href=\"https:\/\/sadiqtrav.ma\/\" data-wplink-url-error=\"true\">&gt; Accueil<\/a><\/p><p><a href=\"https:\/\/sadiqtrav.ma\/services\/\" data-wplink-url-error=\"true\">&gt; Services<\/a><\/p><p><a href=\"https:\/\/sadiqtrav.ma\/realisations\/\" data-wplink-url-error=\"true\">&gt; R\u00e9alisations<\/a><\/p><p><a href=\"https:\/\/sadiqtrav.ma\/realisations\/\" data-wplink-url-error=\"true\">&gt; Agr\u00e9ment<\/a><\/p><p><a href=\"https:\/\/sadiqtrav.ma\/clients\/\" data-wplink-url-error=\"true\">&gt; Clients<\/a><\/p><p><a href=\"https:\/\/sadiqtrav.ma\/contact\/\" data-wplink-url-error=\"true\">&gt; Contact<\/a><\/p>\t\t\t\t\t\t\t\t<\/div>\n\t\t\t\t<\/div>\n\t\t\t\t\t<\/div>\n\t\t<\/div>\n\t\t\t\t<div class=\"elementor-column elementor-col-50 elementor-inner-column elementor-element elementor-element-20b9a18\" data-id=\"20b9a18\" data-element_type=\"column\" data-e-type=\"column\">\n\t\t\t<div class=\"elementor-widget-wrap elementor-element-populated\">\n\t\t\t\t\t\t<div class=\"elementor-element elementor-element-b583067 elementor-widget elementor-widget-text-editor\" data-id=\"b583067\" data-element_type=\"widget\" data-e-type=\"widget\" data-widget_type=\"text-editor.default\">\n\t\t\t\t<div class=\"elementor-widget-container\">\n\t\t\t\t\t\t\t\t\t<p><a href=\"https:\/\/sadiqtrav.ma\/produits\/\" data-wplink-url-error=\"true\">&gt; Produits<\/a><\/p><p><a href=\"https:\/\/sadiqtrav.ma\/produits\/\" data-wplink-url-error=\"true\">&gt; Lampadaire solaire<\/a><\/p><p><a href=\"https:\/\/sadiqtrav.ma\/produits\/\" data-wplink-url-error=\"true\">&gt; Eclairage public et d&rsquo;ambiance<\/a><\/p><p><a href=\"https:\/\/sadiqtrav.ma\/produits\/\" data-wplink-url-error=\"true\">&gt; Cand\u00e9labres<\/a><\/p><p><a href=\"https:\/\/sadiqtrav.ma\/services\/\" data-wplink-url-error=\"true\">&gt; Parc de jeux<\/a><\/p><p><a href=\"https:\/\/sadiqtrav.ma\/produits\/\" data-wplink-url-error=\"true\">&gt; Projecteurs<\/a><\/p>\t\t\t\t\t\t\t\t<\/div>\n\t\t\t\t<\/div>\n\t\t\t\t\t<\/div>\n\t\t<\/div>\n\t\t\t\t\t<\/div>\n\t\t<\/section>\n\t\t\t\t\t<\/div>\n\t\t<\/div>\n\t\t\t\t<div class=\"elementor-column elementor-col-50 elementor-top-column elementor-element elementor-element-3955f63\" data-id=\"3955f63\" data-element_type=\"column\" data-e-type=\"column\">\n\t\t\t<div class=\"elementor-widget-wrap elementor-element-populated\">\n\t\t\t\t\t\t<div class=\"elementor-element elementor-element-e3be152 elementor-widget elementor-widget-image\" data-id=\"e3be152\" data-element_type=\"widget\" data-e-type=\"widget\" data-widget_type=\"image.default\">\n\t\t\t\t<div class=\"elementor-widget-container\">\n\t\t\t\t\t\t\t\t\t\t\t\t\t\t\t<img loading=\"lazy\" decoding=\"async\" width=\"1024\" height=\"311\" src=\"https:\/\/sadiqtrav.ma\/wp-content\/uploads\/2022\/06\/logo-ST-1-1024x311.jpg\" class=\"attachment-large size-large wp-image-335\" alt=\"\" srcset=\"https:\/\/sadiqtrav.ma\/wp-content\/uploads\/2022\/06\/logo-ST-1-1024x311.jpg 1024w, https:\/\/sadiqtrav.ma\/wp-content\/uploads\/2022\/06\/logo-ST-1-300x91.jpg 300w, https:\/\/sadiqtrav.ma\/wp-content\/uploads\/2022\/06\/logo-ST-1-768x233.jpg 768w, https:\/\/sadiqtrav.ma\/wp-content\/uploads\/2022\/06\/logo-ST-1-1536x467.jpg 1536w, https:\/\/sadiqtrav.ma\/wp-content\/uploads\/2022\/06\/logo-ST-1-2048x623.jpg 2048w\" sizes=\"(max-width: 1024px) 100vw, 1024px\" \/>\t\t\t\t\t\t\t\t\t\t\t\t\t\t\t<\/div>\n\t\t\t\t<\/div>\n\t\t\t\t<section class=\"elementor-section elementor-inner-section elementor-element elementor-element-d7ab141 elementor-section-boxed elementor-section-height-default elementor-section-height-default\" data-id=\"d7ab141\" data-element_type=\"section\" data-e-type=\"section\">\n\t\t\t\t\t\t<div class=\"elementor-container elementor-column-gap-default\">\n\t\t\t\t\t<div class=\"elementor-column elementor-col-50 elementor-inner-column elementor-element elementor-element-3a3d6a1\" data-id=\"3a3d6a1\" data-element_type=\"column\" data-e-type=\"column\">\n\t\t\t<div class=\"elementor-widget-wrap elementor-element-populated\">\n\t\t\t\t\t\t<div class=\"elementor-element elementor-element-ec2dbe0 elementor-widget elementor-widget-heading\" data-id=\"ec2dbe0\" data-element_type=\"widget\" data-e-type=\"widget\" data-widget_type=\"heading.default\">\n\t\t\t\t<div class=\"elementor-widget-container\">\n\t\t\t\t\t<div class=\"elementor-heading-title elementor-size-default\">Notre Bureau<\/div>\t\t\t\t<\/div>\n\t\t\t\t<\/div>\n\t\t\t\t<div class=\"elementor-element elementor-element-64d5d9a elementor-widget elementor-widget-text-editor\" data-id=\"64d5d9a\" data-element_type=\"widget\" data-e-type=\"widget\" data-widget_type=\"text-editor.default\">\n\t\t\t\t<div class=\"elementor-widget-container\">\n\t\t\t\t\t\t\t\t\t<p>Si\u00e9ge : 38 Rue Lakssiba Hay, Palistine Berkane.<\/p><p>Succursale : APPT N\u00b021 5\u00e9me ETG, Imm Espace Walili, 187 Boulevard Abdelmoumen &#8211; Casablanca Maroc<\/p>\t\t\t\t\t\t\t\t<\/div>\n\t\t\t\t<\/div>\n\t\t\t\t\t<\/div>\n\t\t<\/div>\n\t\t\t\t<div class=\"elementor-column elementor-col-50 elementor-inner-column elementor-element elementor-element-ed9f4b8\" data-id=\"ed9f4b8\" data-element_type=\"column\" data-e-type=\"column\">\n\t\t\t<div class=\"elementor-widget-wrap elementor-element-populated\">\n\t\t\t\t\t\t<div class=\"elementor-element elementor-element-60f10a9 elementor-widget elementor-widget-heading\" data-id=\"60f10a9\" data-element_type=\"widget\" data-e-type=\"widget\" data-widget_type=\"heading.default\">\n\t\t\t\t<div class=\"elementor-widget-container\">\n\t\t\t\t\t<div class=\"elementor-heading-title elementor-size-default\">Contact<\/div>\t\t\t\t<\/div>\n\t\t\t\t<\/div>\n\t\t\t\t<div class=\"elementor-element elementor-element-0d033f0 elementor-widget elementor-widget-text-editor\" data-id=\"0d033f0\" data-element_type=\"widget\" data-e-type=\"widget\" data-widget_type=\"text-editor.default\">\n\t\t\t\t<div class=\"elementor-widget-container\">\n\t\t\t\t\t\t\t\t\t<p>T\u00e9l : 0661 325069<\/p>\t\t\t\t\t\t\t\t<\/div>\n\t\t\t\t<\/div>\n\t\t\t\t<div class=\"elementor-element elementor-element-9eae57e elementor-widget elementor-widget-text-editor\" data-id=\"9eae57e\" data-element_type=\"widget\" data-e-type=\"widget\" data-widget_type=\"text-editor.default\">\n\t\t\t\t<div class=\"elementor-widget-container\">\n\t\t\t\t\t\t\t\t\t<p>Email : sadiq.trav@gmail.com<\/p>\t\t\t\t\t\t\t\t<\/div>\n\t\t\t\t<\/div>\n\t\t\t\t\t<\/div>\n\t\t<\/div>\n\t\t\t\t\t<\/div>\n\t\t<\/section>\n\t\t\t\t\t<\/div>\n\t\t<\/div>\n\t\t\t\t\t<\/div>\n\t\t<\/footer>\n\t\t\t\t<\/div>\n\t\t","protected":false},"excerpt":{"rendered":"<p>D\u00e9couvrez nos services Eclairage Public et d&rsquo;ambiance Travaux d&rsquo;\u00e9clairage public : fourniture et pose Fourniture des mat\u00e9riels Fourniture des mat\u00e9riels d&rsquo;\u00e9clairage public (luminaires,poteaux..)selon le besion des cliens Eclairage solaire et domestique Travaux d&rsquo;\u00e9clairage solaire et domestique : fourniture et pose Parc de jeux Etude du projet, r\u00e9alisation et la gestion &gt; Accueil &gt; Services &gt; [&hellip;]<\/p>\n","protected":false},"author":1,"featured_media":0,"parent":0,"menu_order":0,"comment_status":"closed","ping_status":"closed","template":"","meta":{"footnotes":""},"class_list":["post-53","page","type-page","status-publish","hentry","wpbf-post"],"_links":{"self":[{"href":"https:\/\/sadiqtrav.ma\/index.php?rest_route=\/wp\/v2\/pages\/53","targetHints":{"allow":["GET"]}}],"collection":[{"href":"https:\/\/sadiqtrav.ma\/index.php?rest_route=\/wp\/v2\/pages"}],"about":[{"href":"https:\/\/sadiqtrav.ma\/index.php?rest_route=\/wp\/v2\/types\/page"}],"author":[{"embeddable":true,"href":"https:\/\/sadiqtrav.ma\/index.php?rest_route=\/wp\/v2\/users\/1"}],"replies":[{"embeddable":true,"href":"https:\/\/sadiqtrav.ma\/index.php?rest_route=%2Fwp%2Fv2%2Fcomments&post=53"}],"version-history":[{"count":89,"href":"https:\/\/sadiqtrav.ma\/index.php?rest_route=\/wp\/v2\/pages\/53\/revisions"}],"predecessor-version":[{"id":987,"href":"https:\/\/sadiqtrav.ma\/index.php?rest_route=\/wp\/v2\/pages\/53\/revisions\/987"}],"wp:attachment":[{"href":"https:\/\/sadiqtrav.ma\/index.php?rest_route=%2Fwp%2Fv2%2Fmedia&parent=53"}],"curies":[{"name":"wp","href":"https:\/\/api.w.org\/{rel}","templated":true}]}}