{"id":74,"date":"2022-06-11T18:03:18","date_gmt":"2022-06-11T16:03:18","guid":{"rendered":"https:\/\/sadiqtrav.ma\/?page_id=74"},"modified":"2026-03-16T15:11:04","modified_gmt":"2026-03-16T14:11:04","slug":"contact","status":"publish","type":"page","link":"https:\/\/sadiqtrav.ma\/?page_id=74","title":{"rendered":"Contact"},"content":{"rendered":"\t\t<div data-elementor-type=\"wp-page\" data-elementor-id=\"74\" class=\"elementor elementor-74\">\n\t\t\t\t\t\t<section class=\"elementor-section elementor-top-section elementor-element elementor-element-fee94ae elementor-section-full_width elementor-section-height-min-height elementor-section-height-default elementor-section-items-middle\" data-id=\"fee94ae\" data-element_type=\"section\" data-e-type=\"section\">\n\t\t\t\t\t\t<div class=\"elementor-container elementor-column-gap-no\">\n\t\t\t\t\t<div class=\"elementor-column elementor-col-100 elementor-top-column elementor-element elementor-element-703e145\" data-id=\"703e145\" data-element_type=\"column\" data-e-type=\"column\">\n\t\t\t<div class=\"elementor-widget-wrap elementor-element-populated\">\n\t\t\t\t\t\t<div class=\"elementor-element elementor-element-0929f30 elementor-pagination-position-outside elementor-widget elementor-widget-image-carousel\" data-id=\"0929f30\" data-element_type=\"widget\" data-e-type=\"widget\" data-settings=\"{&quot;slides_to_show&quot;:&quot;1&quot;,&quot;navigation&quot;:&quot;dots&quot;,&quot;autoplay&quot;:&quot;yes&quot;,&quot;pause_on_hover&quot;:&quot;yes&quot;,&quot;pause_on_interaction&quot;:&quot;yes&quot;,&quot;autoplay_speed&quot;:5000,&quot;infinite&quot;:&quot;yes&quot;,&quot;effect&quot;:&quot;slide&quot;,&quot;speed&quot;:500}\" data-widget_type=\"image-carousel.default\">\n\t\t\t\t<div class=\"elementor-widget-container\">\n\t\t\t\t\t\t\t<div class=\"elementor-image-carousel-wrapper swiper\" role=\"region\" aria-roledescription=\"carousel\" aria-label=\"Carrousel d\u2019images\" dir=\"ltr\">\n\t\t\t<div class=\"elementor-image-carousel swiper-wrapper swiper-image-stretch\" aria-live=\"off\">\n\t\t\t\t\t\t\t\t<div class=\"swiper-slide\" role=\"group\" aria-roledescription=\"slide\" aria-label=\"1 sur 6\"><figure class=\"swiper-slide-inner\"><img decoding=\"async\" class=\"swiper-slide-image\" src=\"https:\/\/sadiqtrav.ma\/wp-content\/uploads\/elementor\/thumbs\/DSC_0001_BURST20190721003206378-scaled-rhu51e07ildpryhvbw3uzwdgbzss370lbvd2e4qvwy.jpg\" alt=\"DSC_0001_BURST20190721003206378\" \/><\/figure><\/div><div class=\"swiper-slide\" role=\"group\" aria-roledescription=\"slide\" aria-label=\"2 sur 6\"><figure class=\"swiper-slide-inner\"><img decoding=\"async\" class=\"swiper-slide-image\" src=\"https:\/\/sadiqtrav.ma\/wp-content\/uploads\/elementor\/thumbs\/berkane3-2-rkldo3zh1f8lp8fqot9igx78p87gefjnvn0j80f0gi.jpeg\" alt=\"berkane3\" \/><\/figure><\/div><div class=\"swiper-slide\" role=\"group\" aria-roledescription=\"slide\" aria-label=\"3 sur 6\"><figure class=\"swiper-slide-inner\"><img decoding=\"async\" class=\"swiper-slide-image\" src=\"https:\/\/sadiqtrav.ma\/wp-content\/uploads\/elementor\/thumbs\/L13-rhu51e07ildpryhvbw3uzwdgbzss370lbvd2e4qvwy.png\" alt=\"Laayoune\" \/><\/figure><\/div><div class=\"swiper-slide\" role=\"group\" aria-roledescription=\"slide\" aria-label=\"4 sur 6\"><figure class=\"swiper-slide-inner\"><img decoding=\"async\" class=\"swiper-slide-image\" src=\"https:\/\/sadiqtrav.ma\/wp-content\/uploads\/elementor\/thumbs\/sketch-1612442161950-rhu51e07ildpryhvbw3uzwdgbzss370lbvd2e4qvwy.png\" alt=\"sketch-1612442161950\" \/><\/figure><\/div><div class=\"swiper-slide\" role=\"group\" aria-roledescription=\"slide\" aria-label=\"5 sur 6\"><figure class=\"swiper-slide-inner\"><img decoding=\"async\" class=\"swiper-slide-image\" src=\"https:\/\/sadiqtrav.ma\/wp-content\/uploads\/elementor\/thumbs\/sketch-1612442007603-rhu51e07ildpryhvbw3uzwdgbzss370lbvd2e4qvwy.png\" alt=\"sketch-1612442007603\" \/><\/figure><\/div><div class=\"swiper-slide\" role=\"group\" aria-roledescription=\"slide\" aria-label=\"6 sur 6\"><figure class=\"swiper-slide-inner\"><img decoding=\"async\" class=\"swiper-slide-image\" src=\"https:\/\/sadiqtrav.ma\/wp-content\/uploads\/elementor\/thumbs\/sketch-1612441762028-rhu51e07ildpryhvbw3uzwdgbzss370lbvd2e4qvwy.png\" alt=\"sketch-1612441762028\" \/><\/figure><\/div>\t\t\t<\/div>\n\t\t\t\t\t\t\t\n\t\t\t\t\t\t\t\t\t<div class=\"swiper-pagination\"><\/div>\n\t\t\t\t\t\t\t\t\t<\/div>\n\t\t\t\t\t\t<\/div>\n\t\t\t\t<\/div>\n\t\t\t\t\t<\/div>\n\t\t<\/div>\n\t\t\t\t\t<\/div>\n\t\t<\/section>\n\t\t\t\t<section class=\"elementor-section elementor-top-section elementor-element elementor-element-50facae7 elementor-section-content-middle elementor-reverse-mobile elementor-section-boxed elementor-section-height-default elementor-section-height-default\" data-id=\"50facae7\" data-element_type=\"section\" data-e-type=\"section\">\n\t\t\t\t\t\t<div class=\"elementor-container elementor-column-gap-no\">\n\t\t\t\t\t<div class=\"elementor-column elementor-col-50 elementor-top-column elementor-element elementor-element-613733b7\" data-id=\"613733b7\" data-element_type=\"column\" data-e-type=\"column\">\n\t\t\t<div class=\"elementor-widget-wrap elementor-element-populated\">\n\t\t\t\t\t\t<div class=\"elementor-element elementor-element-35da2112 elementor-widget elementor-widget-google_maps\" data-id=\"35da2112\" data-element_type=\"widget\" data-e-type=\"widget\" data-widget_type=\"google_maps.default\">\n\t\t\t\t<div class=\"elementor-widget-container\">\n\t\t\t\t\t\t\t<div class=\"elementor-custom-embed\">\n\t\t\t<iframe loading=\"lazy\"\n\t\t\t\t\tsrc=\"https:\/\/maps.google.com\/maps?q=187%20Boulevard%20Abdelmoumen%20-%20Casablanca%20Maroc&#038;t=m&#038;z=18&#038;output=embed&#038;iwloc=near\"\n\t\t\t\t\ttitle=\"187 Boulevard Abdelmoumen - Casablanca Maroc\"\n\t\t\t\t\taria-label=\"187 Boulevard Abdelmoumen - Casablanca Maroc\"\n\t\t\t><\/iframe>\n\t\t<\/div>\n\t\t\t\t\t\t<\/div>\n\t\t\t\t<\/div>\n\t\t\t\t\t<\/div>\n\t\t<\/div>\n\t\t\t\t<div class=\"elementor-column elementor-col-50 elementor-top-column elementor-element elementor-element-6a50cbdd\" data-id=\"6a50cbdd\" data-element_type=\"column\" data-e-type=\"column\">\n\t\t\t<div class=\"elementor-widget-wrap elementor-element-populated\">\n\t\t\t\t\t\t<div class=\"elementor-element elementor-element-520588d8 elementor-widget elementor-widget-heading\" data-id=\"520588d8\" data-element_type=\"widget\" data-e-type=\"widget\" data-widget_type=\"heading.default\">\n\t\t\t\t<div class=\"elementor-widget-container\">\n\t\t\t\t\t<h4 class=\"elementor-heading-title elementor-size-default\"><h1 style=\"margin-bottom: 0px;padding: 0px 0px 10px;border: 0px;font-size: 52px;vertical-align: baseline;line-height: 1.2em;font-weight: 500;font-family: Rubik, Helvetica, Arial, Lucida, sans-serif;white-space: normal\">Contactez-nous<\/h1><\/h4>\t\t\t\t<\/div>\n\t\t\t\t<\/div>\n\t\t\t\t<section class=\"elementor-section elementor-inner-section elementor-element elementor-element-5a6f8940 elementor-section-boxed elementor-section-height-default elementor-section-height-default\" data-id=\"5a6f8940\" data-element_type=\"section\" data-e-type=\"section\">\n\t\t\t\t\t\t<div class=\"elementor-container elementor-column-gap-default\">\n\t\t\t\t\t<div class=\"elementor-column elementor-col-50 elementor-inner-column elementor-element elementor-element-3eef538\" data-id=\"3eef538\" data-element_type=\"column\" data-e-type=\"column\">\n\t\t\t<div class=\"elementor-widget-wrap elementor-element-populated\">\n\t\t\t\t\t\t<div class=\"elementor-element elementor-element-500f1c3 elementor-widget elementor-widget-heading\" data-id=\"500f1c3\" data-element_type=\"widget\" data-e-type=\"widget\" data-widget_type=\"heading.default\">\n\t\t\t\t<div class=\"elementor-widget-container\">\n\t\t\t\t\t<div class=\"elementor-heading-title elementor-size-default\">Notre Bureau<\/div>\t\t\t\t<\/div>\n\t\t\t\t<\/div>\n\t\t\t\t<div class=\"elementor-element elementor-element-bdcddba elementor-widget elementor-widget-text-editor\" data-id=\"bdcddba\" data-element_type=\"widget\" data-e-type=\"widget\" data-widget_type=\"text-editor.default\">\n\t\t\t\t<div class=\"elementor-widget-container\">\n\t\t\t\t\t\t\t\t\t<p>Si\u00e9ge : 38 Rue Lakssiba Hay, Palistine Berkane.<\/p><p>Succursale : APPT N\u00b021 5\u00e9me ETG, Imm Espace Walili, 187 Boulevard Abdelmoumen &#8211; Casablanca Maroc<\/p>\t\t\t\t\t\t\t\t<\/div>\n\t\t\t\t<\/div>\n\t\t\t\t\t<\/div>\n\t\t<\/div>\n\t\t\t\t<div class=\"elementor-column elementor-col-50 elementor-inner-column elementor-element elementor-element-73d3b4ca\" data-id=\"73d3b4ca\" data-element_type=\"column\" data-e-type=\"column\">\n\t\t\t<div class=\"elementor-widget-wrap elementor-element-populated\">\n\t\t\t\t\t\t<div class=\"elementor-element elementor-element-52640824 elementor-widget elementor-widget-heading\" data-id=\"52640824\" data-element_type=\"widget\" data-e-type=\"widget\" data-widget_type=\"heading.default\">\n\t\t\t\t<div class=\"elementor-widget-container\">\n\t\t\t\t\t<div class=\"elementor-heading-title elementor-size-default\">Contact<\/div>\t\t\t\t<\/div>\n\t\t\t\t<\/div>\n\t\t\t\t<div class=\"elementor-element elementor-element-379aafbb elementor-widget elementor-widget-text-editor\" data-id=\"379aafbb\" data-element_type=\"widget\" data-e-type=\"widget\" data-widget_type=\"text-editor.default\">\n\t\t\t\t<div class=\"elementor-widget-container\">\n\t\t\t\t\t\t\t\t\t<p><span style=\"color: #000000;\">T\u00e9l : 0661 325069<\/span><\/p>\t\t\t\t\t\t\t\t<\/div>\n\t\t\t\t<\/div>\n\t\t\t\t<div class=\"elementor-element elementor-element-681237b2 elementor-widget elementor-widget-text-editor\" data-id=\"681237b2\" data-element_type=\"widget\" data-e-type=\"widget\" data-widget_type=\"text-editor.default\">\n\t\t\t\t<div class=\"elementor-widget-container\">\n\t\t\t\t\t\t\t\t\t<p>Email : sadiq.trav@gmail.com<\/p>\t\t\t\t\t\t\t\t<\/div>\n\t\t\t\t<\/div>\n\t\t\t\t\t<\/div>\n\t\t<\/div>\n\t\t\t\t\t<\/div>\n\t\t<\/section>\n\t\t\t\t<section class=\"elementor-section elementor-inner-section elementor-element elementor-element-5ea35d67 elementor-section-boxed elementor-section-height-default elementor-section-height-default\" data-id=\"5ea35d67\" data-element_type=\"section\" data-e-type=\"section\">\n\t\t\t\t\t\t<div class=\"elementor-container elementor-column-gap-default\">\n\t\t\t\t\t<div class=\"elementor-column elementor-col-100 elementor-inner-column elementor-element elementor-element-6eaa215a\" data-id=\"6eaa215a\" data-element_type=\"column\" data-e-type=\"column\">\n\t\t\t<div class=\"elementor-widget-wrap elementor-element-populated\">\n\t\t\t\t\t\t<div class=\"elementor-element elementor-element-48b17731 elementor-widget elementor-widget-heading\" data-id=\"48b17731\" data-element_type=\"widget\" data-e-type=\"widget\" data-widget_type=\"heading.default\">\n\t\t\t\t<div class=\"elementor-widget-container\">\n\t\t\t\t\t<div class=\"elementor-heading-title elementor-size-default\">Horaire d'ouverture<\/div>\t\t\t\t<\/div>\n\t\t\t\t<\/div>\n\t\t\t\t<div class=\"elementor-element elementor-element-21f85af elementor-widget elementor-widget-text-editor\" data-id=\"21f85af\" data-element_type=\"widget\" data-e-type=\"widget\" data-widget_type=\"text-editor.default\">\n\t\t\t\t<div class=\"elementor-widget-container\">\n\t\t\t\t\t\t\t\t\t<p><span class=\"icon-box__subtitle\">Lundi \u00e0 Vendredi<\/span><\/p>\n<p><span class=\"icon-box__subtitle\">09:00 &#8211; 18:00<\/span><\/p>\t\t\t\t\t\t\t\t<\/div>\n\t\t\t\t<\/div>\n\t\t\t\t<div class=\"elementor-element elementor-element-3a71ba6 elementor-widget elementor-widget-text-editor\" data-id=\"3a71ba6\" data-element_type=\"widget\" data-e-type=\"widget\" data-widget_type=\"text-editor.default\">\n\t\t\t\t<div class=\"elementor-widget-container\">\n\t\t\t\t\t\t\t\t\t<p><span style=\"color: var( --e-global-color-33807c0c ); font-family: var( --e-global-typography-text-font-family ), Sans-serif; font-size: 16px;\">Samedi : 09 : 00 &#8211; 13 : 00<\/span><\/p>\t\t\t\t\t\t\t\t<\/div>\n\t\t\t\t<\/div>\n\t\t\t\t\t<\/div>\n\t\t<\/div>\n\t\t\t\t\t<\/div>\n\t\t<\/section>\n\t\t\t\t\t<\/div>\n\t\t<\/div>\n\t\t\t\t\t<\/div>\n\t\t<\/section>\n\t\t\t\t<footer class=\"elementor-section elementor-top-section elementor-element elementor-element-8968ced elementor-section-full_width elementor-section-content-middle elementor-section-height-min-height elementor-section-items-top elementor-section-height-default\" data-id=\"8968ced\" data-element_type=\"section\" data-e-type=\"section\" data-settings=\"{&quot;background_background&quot;:&quot;classic&quot;}\">\n\t\t\t\t\t\t<div class=\"elementor-container elementor-column-gap-no\">\n\t\t\t\t\t<div class=\"elementor-column elementor-col-100 elementor-top-column elementor-element elementor-element-073b78f\" data-id=\"073b78f\" data-element_type=\"column\" data-e-type=\"column\" data-settings=\"{&quot;background_background&quot;:&quot;classic&quot;}\">\n\t\t\t<div class=\"elementor-widget-wrap elementor-element-populated\">\n\t\t\t\t\t\t<section class=\"elementor-section elementor-inner-section elementor-element elementor-element-11f742a elementor-section-full_width elementor-section-height-min-height elementor-section-height-default\" data-id=\"11f742a\" data-element_type=\"section\" data-e-type=\"section\" data-settings=\"{&quot;background_background&quot;:&quot;classic&quot;}\">\n\t\t\t\t\t\t<div class=\"elementor-container elementor-column-gap-wider\">\n\t\t\t\t\t<div class=\"elementor-column elementor-col-50 elementor-inner-column elementor-element elementor-element-eb35260\" data-id=\"eb35260\" data-element_type=\"column\" data-e-type=\"column\">\n\t\t\t<div class=\"elementor-widget-wrap elementor-element-populated\">\n\t\t\t\t\t\t<div class=\"elementor-element elementor-element-a241c0b elementor-widget elementor-widget-text-editor\" data-id=\"a241c0b\" data-element_type=\"widget\" data-e-type=\"widget\" data-widget_type=\"text-editor.default\">\n\t\t\t\t<div class=\"elementor-widget-container\">\n\t\t\t\t\t\t\t\t\t<p><a href=\"https:\/\/sadiqtrav.ma\/\" data-wplink-url-error=\"true\">&gt; Accueil<\/a><\/p><p><a href=\"https:\/\/sadiqtrav.ma\/services\/\" data-wplink-url-error=\"true\">&gt; Services<\/a><\/p><p><a href=\"https:\/\/sadiqtrav.ma\/realisations\/\" data-wplink-url-error=\"true\">&gt; R\u00e9alisations<\/a><\/p><p><a href=\"https:\/\/sadiqtrav.ma\/realisations\/\" data-wplink-url-error=\"true\">&gt; Agr\u00e9ment<\/a><\/p><p><a href=\"https:\/\/sadiqtrav.ma\/clients\/\" data-wplink-url-error=\"true\">&gt; Clients<\/a><\/p><p><a href=\"https:\/\/sadiqtrav.ma\/contact\/\" data-wplink-url-error=\"true\">&gt; Contact<\/a><\/p>\t\t\t\t\t\t\t\t<\/div>\n\t\t\t\t<\/div>\n\t\t\t\t\t<\/div>\n\t\t<\/div>\n\t\t\t\t<div class=\"elementor-column elementor-col-50 elementor-inner-column elementor-element elementor-element-fd2ce56\" data-id=\"fd2ce56\" data-element_type=\"column\" data-e-type=\"column\" data-settings=\"{&quot;background_background&quot;:&quot;classic&quot;}\">\n\t\t\t<div class=\"elementor-widget-wrap elementor-element-populated\">\n\t\t\t\t\t\t<div class=\"elementor-element elementor-element-2c50bce elementor-widget elementor-widget-text-editor\" data-id=\"2c50bce\" data-element_type=\"widget\" data-e-type=\"widget\" data-widget_type=\"text-editor.default\">\n\t\t\t\t<div class=\"elementor-widget-container\">\n\t\t\t\t\t\t\t\t\t<p><a href=\"https:\/\/sadiqtrav.ma\/produits\/\" data-wplink-url-error=\"true\">&gt; Produits<\/a><\/p><p><a href=\"https:\/\/sadiqtrav.ma\/produits\/\" data-wplink-url-error=\"true\">&gt; Lampadaire solaire<\/a><\/p><p><a href=\"https:\/\/sadiqtrav.ma\/produits\/\" data-wplink-url-error=\"true\">&gt; Eclairage public et d&rsquo;ambiance<\/a><\/p><p><a href=\"https:\/\/sadiqtrav.ma\/produits\/\" data-wplink-url-error=\"true\">&gt; Cand\u00e9labres<\/a><\/p><p><a href=\"https:\/\/sadiqtrav.ma\/services\/\" data-wplink-url-error=\"true\">&gt; Parc de jeux<\/a><\/p><p><a href=\"https:\/\/sadiqtrav.ma\/produits\/\" data-wplink-url-error=\"true\">&gt; Projecteurs<\/a><\/p>\t\t\t\t\t\t\t\t<\/div>\n\t\t\t\t<\/div>\n\t\t\t\t\t<\/div>\n\t\t<\/div>\n\t\t\t\t\t<\/div>\n\t\t<\/section>\n\t\t\t\t\t<\/div>\n\t\t<\/div>\n\t\t\t\t\t<\/div>\n\t\t<\/footer>\n\t\t\t\t<\/div>\n\t\t","protected":false},"excerpt":{"rendered":"<p>Contactez-nous Notre Bureau Si\u00e9ge : 38 Rue Lakssiba Hay, Palistine Berkane. Succursale : APPT N\u00b021 5\u00e9me ETG, Imm Espace Walili, 187 Boulevard Abdelmoumen &#8211; Casablanca Maroc Contact T\u00e9l : 0661 325069 Email : sadiq.trav@gmail.com Horaire d&rsquo;ouverture Lundi \u00e0 Vendredi 09:00 &#8211; 18:00 Samedi : 09 : 00 &#8211; 13 : 00 &gt; Accueil &gt; Services [&hellip;]<\/p>\n","protected":false},"author":1,"featured_media":0,"parent":0,"menu_order":0,"comment_status":"closed","ping_status":"closed","template":"","meta":{"footnotes":""},"class_list":["post-74","page","type-page","status-publish","hentry","wpbf-post"],"_links":{"self":[{"href":"https:\/\/sadiqtrav.ma\/index.php?rest_route=\/wp\/v2\/pages\/74","targetHints":{"allow":["GET"]}}],"collection":[{"href":"https:\/\/sadiqtrav.ma\/index.php?rest_route=\/wp\/v2\/pages"}],"about":[{"href":"https:\/\/sadiqtrav.ma\/index.php?rest_route=\/wp\/v2\/types\/page"}],"author":[{"embeddable":true,"href":"https:\/\/sadiqtrav.ma\/index.php?rest_route=\/wp\/v2\/users\/1"}],"replies":[{"embeddable":true,"href":"https:\/\/sadiqtrav.ma\/index.php?rest_route=%2Fwp%2Fv2%2Fcomments&post=74"}],"version-history":[{"count":68,"href":"https:\/\/sadiqtrav.ma\/index.php?rest_route=\/wp\/v2\/pages\/74\/revisions"}],"predecessor-version":[{"id":993,"href":"https:\/\/sadiqtrav.ma\/index.php?rest_route=\/wp\/v2\/pages\/74\/revisions\/993"}],"wp:attachment":[{"href":"https:\/\/sadiqtrav.ma\/index.php?rest_route=%2Fwp%2Fv2%2Fmedia&parent=74"}],"curies":[{"name":"wp","href":"https:\/\/api.w.org\/{rel}","templated":true}]}}