{"id":83,"date":"2022-06-11T18:09:57","date_gmt":"2022-06-11T16:09:57","guid":{"rendered":"https:\/\/sadiqtrav.ma\/?page_id=83"},"modified":"2026-03-16T15:10:02","modified_gmt":"2026-03-16T14:10:02","slug":"clients","status":"publish","type":"page","link":"https:\/\/sadiqtrav.ma\/?page_id=83","title":{"rendered":"Clients"},"content":{"rendered":"\t\t<div data-elementor-type=\"wp-page\" data-elementor-id=\"83\" class=\"elementor elementor-83\">\n\t\t\t\t\t\t<section class=\"elementor-section elementor-top-section elementor-element elementor-element-cc65e5c elementor-section-full_width elementor-section-height-min-height elementor-section-height-default elementor-section-items-middle\" data-id=\"cc65e5c\" data-element_type=\"section\" data-e-type=\"section\">\n\t\t\t\t\t\t<div class=\"elementor-container elementor-column-gap-no\">\n\t\t\t\t\t<div class=\"elementor-column elementor-col-100 elementor-top-column elementor-element elementor-element-d88f896\" data-id=\"d88f896\" data-element_type=\"column\" data-e-type=\"column\">\n\t\t\t<div class=\"elementor-widget-wrap elementor-element-populated\">\n\t\t\t\t\t\t<div class=\"elementor-element elementor-element-d1c1dd8 elementor-pagination-position-outside elementor-widget elementor-widget-image-carousel\" data-id=\"d1c1dd8\" data-element_type=\"widget\" data-e-type=\"widget\" data-settings=\"{&quot;slides_to_show&quot;:&quot;1&quot;,&quot;navigation&quot;:&quot;dots&quot;,&quot;autoplay&quot;:&quot;yes&quot;,&quot;pause_on_hover&quot;:&quot;yes&quot;,&quot;pause_on_interaction&quot;:&quot;yes&quot;,&quot;autoplay_speed&quot;:5000,&quot;infinite&quot;:&quot;yes&quot;,&quot;effect&quot;:&quot;slide&quot;,&quot;speed&quot;:500}\" data-widget_type=\"image-carousel.default\">\n\t\t\t\t<div class=\"elementor-widget-container\">\n\t\t\t\t\t\t\t<div class=\"elementor-image-carousel-wrapper swiper\" role=\"region\" aria-roledescription=\"carousel\" aria-label=\"Carrousel d\u2019images\" dir=\"ltr\">\n\t\t\t<div class=\"elementor-image-carousel swiper-wrapper swiper-image-stretch\" aria-live=\"off\">\n\t\t\t\t\t\t\t\t<div class=\"swiper-slide\" role=\"group\" aria-roledescription=\"slide\" aria-label=\"1 sur 6\"><figure class=\"swiper-slide-inner\"><img decoding=\"async\" class=\"swiper-slide-image\" src=\"https:\/\/sadiqtrav.ma\/wp-content\/uploads\/elementor\/thumbs\/DSC_0001_BURST20190721003206378-scaled-rhu51e07ildpryhvbw3uzwdgbzss370lbvd2e4qvwy.jpg\" alt=\"DSC_0001_BURST20190721003206378\" \/><\/figure><\/div><div class=\"swiper-slide\" role=\"group\" aria-roledescription=\"slide\" aria-label=\"2 sur 6\"><figure class=\"swiper-slide-inner\"><img decoding=\"async\" class=\"swiper-slide-image\" src=\"https:\/\/sadiqtrav.ma\/wp-content\/uploads\/elementor\/thumbs\/berkane3-1-rkg90zp4rtu0x5qy724lbssaal0ea1xzngcynu6042.jpeg\" alt=\"berkane3\" \/><\/figure><\/div><div class=\"swiper-slide\" role=\"group\" aria-roledescription=\"slide\" aria-label=\"3 sur 6\"><figure class=\"swiper-slide-inner\"><img decoding=\"async\" class=\"swiper-slide-image\" src=\"https:\/\/sadiqtrav.ma\/wp-content\/uploads\/elementor\/thumbs\/L13-rhu51e07ildpryhvbw3uzwdgbzss370lbvd2e4qvwy.png\" alt=\"Laayoune\" \/><\/figure><\/div><div class=\"swiper-slide\" role=\"group\" aria-roledescription=\"slide\" aria-label=\"4 sur 6\"><figure class=\"swiper-slide-inner\"><img decoding=\"async\" class=\"swiper-slide-image\" src=\"https:\/\/sadiqtrav.ma\/wp-content\/uploads\/elementor\/thumbs\/sketch-1612442161950-rhu51e07ildpryhvbw3uzwdgbzss370lbvd2e4qvwy.png\" alt=\"sketch-1612442161950\" \/><\/figure><\/div><div class=\"swiper-slide\" role=\"group\" aria-roledescription=\"slide\" aria-label=\"5 sur 6\"><figure class=\"swiper-slide-inner\"><img decoding=\"async\" class=\"swiper-slide-image\" src=\"https:\/\/sadiqtrav.ma\/wp-content\/uploads\/elementor\/thumbs\/sketch-1612442007603-rhu51e07ildpryhvbw3uzwdgbzss370lbvd2e4qvwy.png\" alt=\"sketch-1612442007603\" \/><\/figure><\/div><div class=\"swiper-slide\" role=\"group\" aria-roledescription=\"slide\" aria-label=\"6 sur 6\"><figure class=\"swiper-slide-inner\"><img decoding=\"async\" class=\"swiper-slide-image\" src=\"https:\/\/sadiqtrav.ma\/wp-content\/uploads\/elementor\/thumbs\/sketch-1612441762028-rhu51e07ildpryhvbw3uzwdgbzss370lbvd2e4qvwy.png\" alt=\"sketch-1612441762028\" \/><\/figure><\/div>\t\t\t<\/div>\n\t\t\t\t\t\t\t\n\t\t\t\t\t\t\t\t\t<div class=\"swiper-pagination\"><\/div>\n\t\t\t\t\t\t\t\t\t<\/div>\n\t\t\t\t\t\t<\/div>\n\t\t\t\t<\/div>\n\t\t\t\t\t<\/div>\n\t\t<\/div>\n\t\t\t\t\t<\/div>\n\t\t<\/section>\n\t\t\t\t<section class=\"elementor-section elementor-top-section elementor-element elementor-element-54770847 elementor-section-content-middle elementor-section-boxed elementor-section-height-default elementor-section-height-default\" data-id=\"54770847\" data-element_type=\"section\" data-e-type=\"section\">\n\t\t\t\t\t\t<div class=\"elementor-container elementor-column-gap-no\">\n\t\t\t\t\t<div class=\"elementor-column elementor-col-100 elementor-top-column elementor-element elementor-element-4e1638e0\" data-id=\"4e1638e0\" data-element_type=\"column\" data-e-type=\"column\">\n\t\t\t<div class=\"elementor-widget-wrap elementor-element-populated\">\n\t\t\t\t\t\t<div class=\"elementor-element elementor-element-13f30df8 elementor-widget elementor-widget-heading\" data-id=\"13f30df8\" data-element_type=\"widget\" data-e-type=\"widget\" data-widget_type=\"heading.default\">\n\t\t\t\t<div class=\"elementor-widget-container\">\n\t\t\t\t\t<h4 class=\"elementor-heading-title elementor-size-default\">Nos clients<\/h4>\t\t\t\t<\/div>\n\t\t\t\t<\/div>\n\t\t\t\t<div class=\"elementor-element elementor-element-7c3c8776 elementor-invisible elementor-widget elementor-widget-heading\" data-id=\"7c3c8776\" data-element_type=\"widget\" data-e-type=\"widget\" data-settings=\"{&quot;_animation&quot;:&quot;zoomIn&quot;}\" data-widget_type=\"heading.default\">\n\t\t\t\t<div class=\"elementor-widget-container\">\n\t\t\t\t\t<h5 class=\"elementor-heading-title elementor-size-large\"><h5 class=\"elementor-heading-title elementor-size-large elementor-inline-editing pen\" data-elementor-setting-key=\"title\" data-pen-placeholder=\"\u00c9crivez ici...\" style=\"color: var( --e-global-color-33807c0c );font-family: var( --e-global-typography-primary-font-family ), Sans-serif\">Notre objectif est la fid\u00e9lisation de nos clients<\/h5><\/h5>\t\t\t\t<\/div>\n\t\t\t\t<\/div>\n\t\t\t\t<section class=\"elementor-section elementor-inner-section elementor-element elementor-element-7a42e22 elementor-section-content-middle elementor-section-boxed elementor-section-height-default elementor-section-height-default elementor-invisible\" data-id=\"7a42e22\" data-element_type=\"section\" data-e-type=\"section\" data-settings=\"{&quot;animation&quot;:&quot;bounceIn&quot;}\">\n\t\t\t\t\t\t<div class=\"elementor-container elementor-column-gap-no\">\n\t\t\t\t\t<div class=\"elementor-column elementor-col-16 elementor-inner-column elementor-element elementor-element-42736ee2\" data-id=\"42736ee2\" data-element_type=\"column\" data-e-type=\"column\">\n\t\t\t<div class=\"elementor-widget-wrap elementor-element-populated\">\n\t\t\t\t\t\t<div class=\"elementor-element elementor-element-5fce0b5d elementor-widget elementor-widget-image\" data-id=\"5fce0b5d\" data-element_type=\"widget\" data-e-type=\"widget\" data-widget_type=\"image.default\">\n\t\t\t\t<div class=\"elementor-widget-container\">\n\t\t\t\t\t\t\t\t\t\t\t\t\t\t\t<img fetchpriority=\"high\" decoding=\"async\" width=\"240\" height=\"315\" src=\"https:\/\/sadiqtrav.ma\/wp-content\/uploads\/2022\/06\/Logo-conseil-laayoune.jpg\" class=\"attachment-large size-large wp-image-775\" alt=\"\" srcset=\"https:\/\/sadiqtrav.ma\/wp-content\/uploads\/2022\/06\/Logo-conseil-laayoune.jpg 240w, https:\/\/sadiqtrav.ma\/wp-content\/uploads\/2022\/06\/Logo-conseil-laayoune-229x300.jpg 229w\" sizes=\"(max-width: 240px) 100vw, 240px\" \/>\t\t\t\t\t\t\t\t\t\t\t\t\t\t\t<\/div>\n\t\t\t\t<\/div>\n\t\t\t\t\t<\/div>\n\t\t<\/div>\n\t\t\t\t<div class=\"elementor-column elementor-col-16 elementor-inner-column elementor-element elementor-element-8c85ea8\" data-id=\"8c85ea8\" data-element_type=\"column\" data-e-type=\"column\">\n\t\t\t<div class=\"elementor-widget-wrap elementor-element-populated\">\n\t\t\t\t\t\t<div class=\"elementor-element elementor-element-d1a6f1c elementor-widget elementor-widget-image\" data-id=\"d1a6f1c\" data-element_type=\"widget\" data-e-type=\"widget\" data-widget_type=\"image.default\">\n\t\t\t\t<div class=\"elementor-widget-container\">\n\t\t\t\t\t\t\t\t\t\t\t\t\t\t\t<img decoding=\"async\" width=\"211\" height=\"239\" src=\"https:\/\/sadiqtrav.ma\/wp-content\/uploads\/2026\/03\/omran2.png\" class=\"attachment-large size-large wp-image-861\" alt=\"\" \/>\t\t\t\t\t\t\t\t\t\t\t\t\t\t\t<\/div>\n\t\t\t\t<\/div>\n\t\t\t\t\t<\/div>\n\t\t<\/div>\n\t\t\t\t<div class=\"elementor-column elementor-col-16 elementor-inner-column elementor-element elementor-element-2a9d61a2\" data-id=\"2a9d61a2\" data-element_type=\"column\" data-e-type=\"column\">\n\t\t\t<div class=\"elementor-widget-wrap elementor-element-populated\">\n\t\t\t\t\t\t<div class=\"elementor-element elementor-element-1b8c91f2 elementor-widget__width-initial elementor-widget elementor-widget-image\" data-id=\"1b8c91f2\" data-element_type=\"widget\" data-e-type=\"widget\" data-widget_type=\"image.default\">\n\t\t\t\t<div class=\"elementor-widget-container\">\n\t\t\t\t\t\t\t\t\t\t\t\t\t\t\t<img decoding=\"async\" width=\"170\" height=\"300\" src=\"https:\/\/sadiqtrav.ma\/wp-content\/uploads\/2022\/06\/commune-de-laayoune-logo-83B18E128A-seeklogo.com-1.png\" class=\"attachment-large size-large wp-image-777\" alt=\"\" \/>\t\t\t\t\t\t\t\t\t\t\t\t\t\t\t<\/div>\n\t\t\t\t<\/div>\n\t\t\t\t\t<\/div>\n\t\t<\/div>\n\t\t\t\t<div class=\"elementor-column elementor-col-16 elementor-inner-column elementor-element elementor-element-1adec8c\" data-id=\"1adec8c\" data-element_type=\"column\" data-e-type=\"column\">\n\t\t\t<div class=\"elementor-widget-wrap elementor-element-populated\">\n\t\t\t\t\t\t<div class=\"elementor-element elementor-element-c57f7b1 elementor-widget__width-initial elementor-widget elementor-widget-image\" data-id=\"c57f7b1\" data-element_type=\"widget\" data-e-type=\"widget\" data-widget_type=\"image.default\">\n\t\t\t\t<div class=\"elementor-widget-container\">\n\t\t\t\t\t\t\t\t\t\t\t\t\t\t\t<img loading=\"lazy\" decoding=\"async\" width=\"1024\" height=\"913\" src=\"https:\/\/sadiqtrav.ma\/wp-content\/uploads\/2026\/02\/commune-berkane-2026-1024x913.jpeg\" class=\"attachment-large size-large wp-image-855\" alt=\"\" srcset=\"https:\/\/sadiqtrav.ma\/wp-content\/uploads\/2026\/02\/commune-berkane-2026-1024x913.jpeg 1024w, https:\/\/sadiqtrav.ma\/wp-content\/uploads\/2026\/02\/commune-berkane-2026-300x268.jpeg 300w, https:\/\/sadiqtrav.ma\/wp-content\/uploads\/2026\/02\/commune-berkane-2026-768x685.jpeg 768w, https:\/\/sadiqtrav.ma\/wp-content\/uploads\/2026\/02\/commune-berkane-2026.jpeg 1440w\" sizes=\"(max-width: 1024px) 100vw, 1024px\" \/>\t\t\t\t\t\t\t\t\t\t\t\t\t\t\t<\/div>\n\t\t\t\t<\/div>\n\t\t\t\t\t<\/div>\n\t\t<\/div>\n\t\t\t\t<div class=\"elementor-column elementor-col-16 elementor-inner-column elementor-element elementor-element-383326a\" data-id=\"383326a\" data-element_type=\"column\" data-e-type=\"column\">\n\t\t\t<div class=\"elementor-widget-wrap elementor-element-populated\">\n\t\t\t\t\t\t<div class=\"elementor-element elementor-element-38cd6b52 elementor-widget__width-initial elementor-widget elementor-widget-image\" data-id=\"38cd6b52\" data-element_type=\"widget\" data-e-type=\"widget\" data-widget_type=\"image.default\">\n\t\t\t\t<div class=\"elementor-widget-container\">\n\t\t\t\t\t\t\t\t\t\t\t\t\t\t\t<img loading=\"lazy\" decoding=\"async\" width=\"480\" height=\"478\" src=\"https:\/\/sadiqtrav.ma\/wp-content\/uploads\/2022\/06\/tarfaya.jpg\" class=\"attachment-large size-large wp-image-847\" alt=\"\" srcset=\"https:\/\/sadiqtrav.ma\/wp-content\/uploads\/2022\/06\/tarfaya.jpg 480w, https:\/\/sadiqtrav.ma\/wp-content\/uploads\/2022\/06\/tarfaya-300x300.jpg 300w, https:\/\/sadiqtrav.ma\/wp-content\/uploads\/2022\/06\/tarfaya-150x150.jpg 150w\" sizes=\"(max-width: 480px) 100vw, 480px\" \/>\t\t\t\t\t\t\t\t\t\t\t\t\t\t\t<\/div>\n\t\t\t\t<\/div>\n\t\t\t\t<div class=\"elementor-element elementor-element-66cb5d3 elementor-widget elementor-widget-heading\" data-id=\"66cb5d3\" data-element_type=\"widget\" data-e-type=\"widget\" data-widget_type=\"heading.default\">\n\t\t\t\t<div class=\"elementor-widget-container\">\n\t\t\t\t\t<h2 class=\"elementor-heading-title elementor-size-default\">\u062c\u0645\u0627\u0639\u0629 \u0637\u0631\u0641\u0627\u064a\u0629<\/h2>\t\t\t\t<\/div>\n\t\t\t\t<\/div>\n\t\t\t\t\t<\/div>\n\t\t<\/div>\n\t\t\t\t<div class=\"elementor-column elementor-col-16 elementor-inner-column elementor-element elementor-element-543a1530\" data-id=\"543a1530\" data-element_type=\"column\" data-e-type=\"column\">\n\t\t\t<div class=\"elementor-widget-wrap elementor-element-populated\">\n\t\t\t\t\t\t<div class=\"elementor-element elementor-element-131864c9 elementor-widget__width-initial elementor-widget elementor-widget-image\" data-id=\"131864c9\" data-element_type=\"widget\" data-e-type=\"widget\" data-widget_type=\"image.default\">\n\t\t\t\t<div class=\"elementor-widget-container\">\n\t\t\t\t\t\t\t\t\t\t\t\t\t\t\t<img loading=\"lazy\" decoding=\"async\" width=\"900\" height=\"900\" src=\"https:\/\/sadiqtrav.ma\/wp-content\/uploads\/2022\/06\/channels4_profile.jpg\" class=\"attachment-large size-large wp-image-780\" alt=\"\" srcset=\"https:\/\/sadiqtrav.ma\/wp-content\/uploads\/2022\/06\/channels4_profile.jpg 900w, https:\/\/sadiqtrav.ma\/wp-content\/uploads\/2022\/06\/channels4_profile-300x300.jpg 300w, https:\/\/sadiqtrav.ma\/wp-content\/uploads\/2022\/06\/channels4_profile-150x150.jpg 150w, https:\/\/sadiqtrav.ma\/wp-content\/uploads\/2022\/06\/channels4_profile-768x768.jpg 768w\" sizes=\"(max-width: 900px) 100vw, 900px\" \/>\t\t\t\t\t\t\t\t\t\t\t\t\t\t\t<\/div>\n\t\t\t\t<\/div>\n\t\t\t\t\t<\/div>\n\t\t<\/div>\n\t\t\t\t\t<\/div>\n\t\t<\/section>\n\t\t\t\t\t<\/div>\n\t\t<\/div>\n\t\t\t\t\t<\/div>\n\t\t<\/section>\n\t\t\t\t<footer class=\"elementor-section elementor-top-section elementor-element elementor-element-ee283f4 elementor-section-full_width elementor-section-content-middle elementor-section-height-min-height elementor-section-height-default elementor-section-items-middle\" data-id=\"ee283f4\" data-element_type=\"section\" data-e-type=\"section\">\n\t\t\t\t\t\t<div class=\"elementor-container elementor-column-gap-extended\">\n\t\t\t\t\t<div class=\"elementor-column elementor-col-50 elementor-top-column elementor-element elementor-element-afab167\" data-id=\"afab167\" data-element_type=\"column\" data-e-type=\"column\" data-settings=\"{&quot;background_background&quot;:&quot;classic&quot;}\">\n\t\t\t<div class=\"elementor-widget-wrap elementor-element-populated\">\n\t\t\t\t\t\t<section class=\"elementor-section elementor-inner-section elementor-element elementor-element-8a97180 elementor-section-full_width elementor-section-height-min-height elementor-section-height-default\" data-id=\"8a97180\" data-element_type=\"section\" data-e-type=\"section\" data-settings=\"{&quot;background_background&quot;:&quot;classic&quot;}\">\n\t\t\t\t\t\t<div class=\"elementor-container elementor-column-gap-wider\">\n\t\t\t\t\t<div class=\"elementor-column elementor-col-50 elementor-inner-column elementor-element elementor-element-db1b527\" data-id=\"db1b527\" data-element_type=\"column\" data-e-type=\"column\">\n\t\t\t<div class=\"elementor-widget-wrap elementor-element-populated\">\n\t\t\t\t\t\t<div class=\"elementor-element elementor-element-e6628f6 elementor-widget elementor-widget-text-editor\" data-id=\"e6628f6\" data-element_type=\"widget\" data-e-type=\"widget\" data-widget_type=\"text-editor.default\">\n\t\t\t\t<div class=\"elementor-widget-container\">\n\t\t\t\t\t\t\t\t\t<p><a href=\"https:\/\/sadiqtrav.ma\/\" data-wplink-url-error=\"true\">&gt; Accueil<\/a><\/p><p><a href=\"https:\/\/sadiqtrav.ma\/services\/\" data-wplink-url-error=\"true\">&gt; Services<\/a><\/p><p><a href=\"https:\/\/sadiqtrav.ma\/realisations\/\" data-wplink-url-error=\"true\">&gt; R\u00e9alisations<\/a><\/p><p><a href=\"https:\/\/sadiqtrav.ma\/realisations\/\" data-wplink-url-error=\"true\">&gt; Agr\u00e9ment<\/a><\/p><p><a href=\"https:\/\/sadiqtrav.ma\/clients\/\" data-wplink-url-error=\"true\">&gt; Clients<\/a><\/p><p><a href=\"https:\/\/sadiqtrav.ma\/contact\/\" data-wplink-url-error=\"true\">&gt; Contact<\/a><\/p>\t\t\t\t\t\t\t\t<\/div>\n\t\t\t\t<\/div>\n\t\t\t\t\t<\/div>\n\t\t<\/div>\n\t\t\t\t<div class=\"elementor-column elementor-col-50 elementor-inner-column elementor-element elementor-element-4add7ce\" data-id=\"4add7ce\" data-element_type=\"column\" data-e-type=\"column\">\n\t\t\t<div class=\"elementor-widget-wrap elementor-element-populated\">\n\t\t\t\t\t\t<div class=\"elementor-element elementor-element-75feabb elementor-widget elementor-widget-text-editor\" data-id=\"75feabb\" data-element_type=\"widget\" data-e-type=\"widget\" data-widget_type=\"text-editor.default\">\n\t\t\t\t<div class=\"elementor-widget-container\">\n\t\t\t\t\t\t\t\t\t<p><a href=\"https:\/\/sadiqtrav.ma\/produits\/\" data-wplink-url-error=\"true\">&gt; Produits<\/a><\/p><p><a href=\"https:\/\/sadiqtrav.ma\/produits\/\" data-wplink-url-error=\"true\">&gt; Lampadaire solaire<\/a><\/p><p><a href=\"https:\/\/sadiqtrav.ma\/produits\/\" data-wplink-url-error=\"true\">&gt; Eclairage public et d&rsquo;ambiance<\/a><\/p><p><a href=\"https:\/\/sadiqtrav.ma\/produits\/\" data-wplink-url-error=\"true\">&gt; Cand\u00e9labres<\/a><\/p><p><a href=\"https:\/\/sadiqtrav.ma\/services\/\" data-wplink-url-error=\"true\">&gt; Parc de jeux<\/a><\/p><p><a href=\"https:\/\/sadiqtrav.ma\/produits\/\" data-wplink-url-error=\"true\">&gt; Projecteurs<\/a><\/p>\t\t\t\t\t\t\t\t<\/div>\n\t\t\t\t<\/div>\n\t\t\t\t\t<\/div>\n\t\t<\/div>\n\t\t\t\t\t<\/div>\n\t\t<\/section>\n\t\t\t\t\t<\/div>\n\t\t<\/div>\n\t\t\t\t<div class=\"elementor-column elementor-col-50 elementor-top-column elementor-element elementor-element-d026fca\" data-id=\"d026fca\" data-element_type=\"column\" data-e-type=\"column\">\n\t\t\t<div class=\"elementor-widget-wrap elementor-element-populated\">\n\t\t\t\t\t\t<div class=\"elementor-element elementor-element-603cb65 elementor-widget elementor-widget-image\" data-id=\"603cb65\" data-element_type=\"widget\" data-e-type=\"widget\" data-widget_type=\"image.default\">\n\t\t\t\t<div class=\"elementor-widget-container\">\n\t\t\t\t\t\t\t\t\t\t\t\t\t\t\t<img loading=\"lazy\" decoding=\"async\" width=\"1024\" height=\"311\" src=\"https:\/\/sadiqtrav.ma\/wp-content\/uploads\/2022\/06\/logo-ST-1-1024x311.jpg\" class=\"attachment-large size-large wp-image-335\" alt=\"\" srcset=\"https:\/\/sadiqtrav.ma\/wp-content\/uploads\/2022\/06\/logo-ST-1-1024x311.jpg 1024w, https:\/\/sadiqtrav.ma\/wp-content\/uploads\/2022\/06\/logo-ST-1-300x91.jpg 300w, https:\/\/sadiqtrav.ma\/wp-content\/uploads\/2022\/06\/logo-ST-1-768x233.jpg 768w, https:\/\/sadiqtrav.ma\/wp-content\/uploads\/2022\/06\/logo-ST-1-1536x467.jpg 1536w, https:\/\/sadiqtrav.ma\/wp-content\/uploads\/2022\/06\/logo-ST-1-2048x623.jpg 2048w\" sizes=\"(max-width: 1024px) 100vw, 1024px\" \/>\t\t\t\t\t\t\t\t\t\t\t\t\t\t\t<\/div>\n\t\t\t\t<\/div>\n\t\t\t\t<section class=\"elementor-section elementor-inner-section elementor-element elementor-element-403cfaa elementor-section-boxed elementor-section-height-default elementor-section-height-default\" data-id=\"403cfaa\" data-element_type=\"section\" data-e-type=\"section\">\n\t\t\t\t\t\t<div class=\"elementor-container elementor-column-gap-default\">\n\t\t\t\t\t<div class=\"elementor-column elementor-col-50 elementor-inner-column elementor-element elementor-element-d3bfc4a\" data-id=\"d3bfc4a\" data-element_type=\"column\" data-e-type=\"column\">\n\t\t\t<div class=\"elementor-widget-wrap elementor-element-populated\">\n\t\t\t\t\t\t<div class=\"elementor-element elementor-element-ec52a2f elementor-widget elementor-widget-heading\" data-id=\"ec52a2f\" data-element_type=\"widget\" data-e-type=\"widget\" data-widget_type=\"heading.default\">\n\t\t\t\t<div class=\"elementor-widget-container\">\n\t\t\t\t\t<div class=\"elementor-heading-title elementor-size-default\">Notre Bureau<\/div>\t\t\t\t<\/div>\n\t\t\t\t<\/div>\n\t\t\t\t<div class=\"elementor-element elementor-element-302bc01 elementor-widget elementor-widget-text-editor\" data-id=\"302bc01\" data-element_type=\"widget\" data-e-type=\"widget\" data-widget_type=\"text-editor.default\">\n\t\t\t\t<div class=\"elementor-widget-container\">\n\t\t\t\t\t\t\t\t\t<p>Si\u00e9ge : 38 Rue Lakssiba Hay, Palistine Berkane.<\/p><p>Succursale : APPT N\u00b021 5\u00e9me ETG, Imm Espace Walili, 187 Boulevard Abdelmoumen &#8211; Casablanca Maroc<\/p>\t\t\t\t\t\t\t\t<\/div>\n\t\t\t\t<\/div>\n\t\t\t\t\t<\/div>\n\t\t<\/div>\n\t\t\t\t<div class=\"elementor-column elementor-col-50 elementor-inner-column elementor-element elementor-element-e2496c7\" data-id=\"e2496c7\" data-element_type=\"column\" data-e-type=\"column\">\n\t\t\t<div class=\"elementor-widget-wrap elementor-element-populated\">\n\t\t\t\t\t\t<div class=\"elementor-element elementor-element-71b4ab4 elementor-widget elementor-widget-heading\" data-id=\"71b4ab4\" data-element_type=\"widget\" data-e-type=\"widget\" data-widget_type=\"heading.default\">\n\t\t\t\t<div class=\"elementor-widget-container\">\n\t\t\t\t\t<div class=\"elementor-heading-title elementor-size-default\">Contact<\/div>\t\t\t\t<\/div>\n\t\t\t\t<\/div>\n\t\t\t\t<div class=\"elementor-element elementor-element-2746a36 elementor-widget elementor-widget-text-editor\" data-id=\"2746a36\" data-element_type=\"widget\" data-e-type=\"widget\" data-widget_type=\"text-editor.default\">\n\t\t\t\t<div class=\"elementor-widget-container\">\n\t\t\t\t\t\t\t\t\t<p>T\u00e9l : 0661 325069<\/p>\t\t\t\t\t\t\t\t<\/div>\n\t\t\t\t<\/div>\n\t\t\t\t<div class=\"elementor-element elementor-element-c2e8e32 elementor-widget elementor-widget-text-editor\" data-id=\"c2e8e32\" data-element_type=\"widget\" data-e-type=\"widget\" data-widget_type=\"text-editor.default\">\n\t\t\t\t<div class=\"elementor-widget-container\">\n\t\t\t\t\t\t\t\t\t<p>Email : sadiq.trav@gmail.com<\/p>\t\t\t\t\t\t\t\t<\/div>\n\t\t\t\t<\/div>\n\t\t\t\t\t<\/div>\n\t\t<\/div>\n\t\t\t\t\t<\/div>\n\t\t<\/section>\n\t\t\t\t\t<\/div>\n\t\t<\/div>\n\t\t\t\t\t<\/div>\n\t\t<\/footer>\n\t\t\t\t<\/div>\n\t\t","protected":false},"excerpt":{"rendered":"<p>Nos clients Notre objectif est la fid\u00e9lisation de nos clients \u062c\u0645\u0627\u0639\u0629 \u0637\u0631\u0641\u0627\u064a\u0629 &gt; Accueil &gt; Services &gt; R\u00e9alisations &gt; Agr\u00e9ment &gt; Clients &gt; Contact &gt; Produits &gt; Lampadaire solaire &gt; Eclairage public et d&rsquo;ambiance &gt; Cand\u00e9labres &gt; Parc de jeux &gt; Projecteurs Notre Bureau Si\u00e9ge : 38 Rue Lakssiba Hay, Palistine Berkane. Succursale : APPT [&hellip;]<\/p>\n","protected":false},"author":1,"featured_media":0,"parent":0,"menu_order":0,"comment_status":"closed","ping_status":"closed","template":"","meta":{"footnotes":""},"class_list":["post-83","page","type-page","status-publish","hentry","wpbf-post"],"_links":{"self":[{"href":"https:\/\/sadiqtrav.ma\/index.php?rest_route=\/wp\/v2\/pages\/83","targetHints":{"allow":["GET"]}}],"collection":[{"href":"https:\/\/sadiqtrav.ma\/index.php?rest_route=\/wp\/v2\/pages"}],"about":[{"href":"https:\/\/sadiqtrav.ma\/index.php?rest_route=\/wp\/v2\/types\/page"}],"author":[{"embeddable":true,"href":"https:\/\/sadiqtrav.ma\/index.php?rest_route=\/wp\/v2\/users\/1"}],"replies":[{"embeddable":true,"href":"https:\/\/sadiqtrav.ma\/index.php?rest_route=%2Fwp%2Fv2%2Fcomments&post=83"}],"version-history":[{"count":71,"href":"https:\/\/sadiqtrav.ma\/index.php?rest_route=\/wp\/v2\/pages\/83\/revisions"}],"predecessor-version":[{"id":990,"href":"https:\/\/sadiqtrav.ma\/index.php?rest_route=\/wp\/v2\/pages\/83\/revisions\/990"}],"wp:attachment":[{"href":"https:\/\/sadiqtrav.ma\/index.php?rest_route=%2Fwp%2Fv2%2Fmedia&parent=83"}],"curies":[{"name":"wp","href":"https:\/\/api.w.org\/{rel}","templated":true}]}}